{"id":16,"date":"2010-12-28T09:49:39","date_gmt":"2010-12-28T09:49:39","guid":{"rendered":"http:\/\/ferienhof-hanssler.de\/?page_id=16"},"modified":"2025-06-10T18:37:47","modified_gmt":"2025-06-10T18:37:47","slug":"knechtskammer","status":"publish","type":"page","link":"http:\/\/www.ferienhof-hanssler.de\/?page_id=16","title":{"rendered":"Knechtskammer"},"content":{"rendered":"<p><span style=\"font-family: Georgia;\">Diese Wohnung mit 70 qm hat neben den oben genannten Selbstverst\u00e4ndlichkeiten als Besonderheit eine 30 qm gro\u00dfe Terrasse, die nur Sie benutzen. Im ersten Stock gele<\/span><span style=\"font-family: Georgia;\">gen hat man dort seine Ruhe und kann doch am Geschehen im Hof teilhaben. Liegest\u00fchle und im Sommer eine h\u00fcbsche Bepflanzung geben den Rahmen f\u00fcr totale Entspannung. Die beiden getrennten Schlafzimmer, das gro\u00dfe Bad und die gem\u00fctliche Wohnk\u00fcche tun ihr \u00fcbriges.<\/span><\/p>\n<p><span style=\"font-family: Georgia;\">ngg_shortcode_0_placeholder<\/span><\/p>\n<p><span style=\"font-family: Georgia;\"><strong><a href=\"http:\/\/www.ferienhof-hanssler.de\/?page_id=141\">Preise<\/a> <\/strong><\/span><\/p>\n<p><span style=\"font-family: Georgia;\"><strong><a href=\"http:\/\/thomas-hanssler.vacation-bookings.com\">Belegungsplan<\/a><\/strong><br \/>\n<\/span><\/p>\n<p>Sie m\u00f6chten bei uns buchen? Dann pr\u00fcfen Sie bitte die Verf\u00fcgbarkeit in o.g. Link und kontaktieren uns am liebsten direkt telefonisch oder per Mail, dann ist die Buchung f\u00fcr Sie am kosteng\u00fcnstigsten und wir k\u00f6nnen evtl. aufkommende Fragen vorab kl\u00e4ren. Vielen Dank!<\/p>\n","protected":false},"excerpt":{"rendered":"<p>Diese Wohnung mit 70 qm hat neben den oben genannten Selbstverst\u00e4ndlichkeiten als Besonderheit eine 30 qm gro\u00dfe Terrasse, die nur Sie benutzen. Im ersten Stock gelegen hat man dort seine Ruhe und kann doch am Geschehen im Hof teilhaben. Liegest\u00fchle und im Sommer eine h\u00fcbsche Bepflanzung geben den Rahmen f\u00fcr totale Entspannung. Die beiden getrennten &hellip; <\/p>\n<p class=\"link-more\"><a href=\"http:\/\/www.ferienhof-hanssler.de\/?page_id=16\" class=\"more-link\"><span class=\"screen-reader-text\">\u201eKnechtskammer\u201c<\/span> weiterlesen<\/a><\/p>\n","protected":false},"author":1,"featured_media":120,"parent":0,"menu_order":0,"comment_status":"closed","ping_status":"closed","template":"","meta":{"ngg_post_thumbnail":0,"footnotes":""},"class_list":["post-16","page","type-page","status-publish","has-post-thumbnail","hentry"],"_links":{"self":[{"href":"http:\/\/www.ferienhof-hanssler.de\/index.php?rest_route=\/wp\/v2\/pages\/16","targetHints":{"allow":["GET"]}}],"collection":[{"href":"http:\/\/www.ferienhof-hanssler.de\/index.php?rest_route=\/wp\/v2\/pages"}],"about":[{"href":"http:\/\/www.ferienhof-hanssler.de\/index.php?rest_route=\/wp\/v2\/types\/page"}],"author":[{"embeddable":true,"href":"http:\/\/www.ferienhof-hanssler.de\/index.php?rest_route=\/wp\/v2\/users\/1"}],"replies":[{"embeddable":true,"href":"http:\/\/www.ferienhof-hanssler.de\/index.php?rest_route=%2Fwp%2Fv2%2Fcomments&post=16"}],"version-history":[{"count":16,"href":"http:\/\/www.ferienhof-hanssler.de\/index.php?rest_route=\/wp\/v2\/pages\/16\/revisions"}],"predecessor-version":[{"id":1269,"href":"http:\/\/www.ferienhof-hanssler.de\/index.php?rest_route=\/wp\/v2\/pages\/16\/revisions\/1269"}],"wp:featuredmedia":[{"embeddable":true,"href":"http:\/\/www.ferienhof-hanssler.de\/index.php?rest_route=\/wp\/v2\/media\/120"}],"wp:attachment":[{"href":"http:\/\/www.ferienhof-hanssler.de\/index.php?rest_route=%2Fwp%2Fv2%2Fmedia&parent=16"}],"curies":[{"name":"wp","href":"https:\/\/api.w.org\/{rel}","templated":true}]}}