{"id":182,"date":"2011-01-16T20:16:18","date_gmt":"2011-01-16T20:16:18","guid":{"rendered":"http:\/\/www.ferienhof-hanssler.de\/?page_id=182"},"modified":"2025-02-26T07:33:44","modified_gmt":"2025-02-26T07:33:44","slug":"kinder","status":"publish","type":"page","link":"http:\/\/www.ferienhof-hanssler.de\/?page_id=182","title":{"rendered":"Kinder"},"content":{"rendered":"<p>Kinder brauchen Platz zum Spielen und Toben und manchmal sind die Eltern froh wenn sie sich selbst besch\u00e4ftigen k\u00f6nnen. Bis heute gab es noch kaum ein Kind, das sich bei uns nicht wohl gef\u00fchlt hat. Fahrr\u00e4der, Kettcar, gro\u00dfes Trampolin, Schaukel, Rutsche, Tischtennisplatte, Spielscheune und &#8211; ganz wichtig &#8211; viel Platz ums Haus, wo kaum ein Auto f\u00e4hrt. Das sind die Dinge, die Kindern einen Urlaub versch\u00f6nern.<\/p>\n<p>Unser Hof hat den gro\u00dfen Vorteil, dass die n\u00e4chste Hauptstra\u00dfe weit entfernt liegt und damit keine Gefahr von rasenden Autos f\u00fcr unsere G\u00e4ste besteht.<\/p>\nngg_shortcode_0_placeholder\n","protected":false},"excerpt":{"rendered":"<p>Kinder brauchen Platz zum Spielen und Toben und manchmal sind die Eltern froh wenn sie sich selbst besch\u00e4ftigen k\u00f6nnen. Bis heute gab es noch kaum ein Kind, das sich bei uns nicht wohl gef\u00fchlt hat. Fahrr\u00e4der, Kettcar, gro\u00dfes Trampolin, Schaukel, Rutsche, Tischtennisplatte, Spielscheune und &#8211; ganz wichtig &#8211; viel Platz ums Haus, wo kaum ein &hellip; <\/p>\n<p class=\"link-more\"><a href=\"http:\/\/www.ferienhof-hanssler.de\/?page_id=182\" class=\"more-link\"><span class=\"screen-reader-text\">\u201eKinder\u201c<\/span> weiterlesen<\/a><\/p>\n","protected":false},"author":1,"featured_media":187,"parent":0,"menu_order":0,"comment_status":"closed","ping_status":"closed","template":"","meta":{"ngg_post_thumbnail":0,"footnotes":""},"class_list":["post-182","page","type-page","status-publish","has-post-thumbnail","hentry"],"_links":{"self":[{"href":"http:\/\/www.ferienhof-hanssler.de\/index.php?rest_route=\/wp\/v2\/pages\/182","targetHints":{"allow":["GET"]}}],"collection":[{"href":"http:\/\/www.ferienhof-hanssler.de\/index.php?rest_route=\/wp\/v2\/pages"}],"about":[{"href":"http:\/\/www.ferienhof-hanssler.de\/index.php?rest_route=\/wp\/v2\/types\/page"}],"author":[{"embeddable":true,"href":"http:\/\/www.ferienhof-hanssler.de\/index.php?rest_route=\/wp\/v2\/users\/1"}],"replies":[{"embeddable":true,"href":"http:\/\/www.ferienhof-hanssler.de\/index.php?rest_route=%2Fwp%2Fv2%2Fcomments&post=182"}],"version-history":[{"count":6,"href":"http:\/\/www.ferienhof-hanssler.de\/index.php?rest_route=\/wp\/v2\/pages\/182\/revisions"}],"predecessor-version":[{"id":1212,"href":"http:\/\/www.ferienhof-hanssler.de\/index.php?rest_route=\/wp\/v2\/pages\/182\/revisions\/1212"}],"wp:featuredmedia":[{"embeddable":true,"href":"http:\/\/www.ferienhof-hanssler.de\/index.php?rest_route=\/wp\/v2\/media\/187"}],"wp:attachment":[{"href":"http:\/\/www.ferienhof-hanssler.de\/index.php?rest_route=%2Fwp%2Fv2%2Fmedia&parent=182"}],"curies":[{"name":"wp","href":"https:\/\/api.w.org\/{rel}","templated":true}]}}