{"id":19,"date":"2010-12-28T09:51:14","date_gmt":"2010-12-28T09:51:14","guid":{"rendered":"http:\/\/ferienhof-hanssler.de\/?page_id=19"},"modified":"2025-06-10T18:38:10","modified_gmt":"2025-06-10T18:38:10","slug":"jagerstube","status":"publish","type":"page","link":"http:\/\/www.ferienhof-hanssler.de\/?page_id=19","title":{"rendered":"J\u00e4gerstube"},"content":{"rendered":"<p><span style=\"font-family: Georgia;\">Diese 72 qm &#8211; Wohnung ist nach der Leidenschaft des Opa\u00b4s benannt. Sie ist mit 2 Schlafzimmern, einer gro\u00dfen Wohnk\u00fcche und einem Bad ausgestattet. Im zweiten Stock hoch \u00fcber dem Alltag gelegen kann man hier selbst bei weniger gutem Wetter Platz und Entspannung finden.<\/span><\/p>\n<p><span style=\"font-family: Georgia;\">ngg_shortcode_0_placeholder<\/span><\/p>\n<p><span style=\"font-family: Georgia;\"><strong><a href=\"http:\/\/www.ferienhof-hanssler.de\/?page_id=141\">Preise<\/a> <\/strong><\/span><\/p>\n<p><span style=\"font-family: Georgia;\"><strong><a href=\"http:\/\/thomas-hanssler.vacation-bookings.com\">Belegungsplan<\/a><\/strong><br><\/span><\/p>\n<p>Sie m\u00f6chten bei uns buchen? Dann pr\u00fcfen Sie bitte die Verf\u00fcgbarkeit in o.g. Link und kontaktieren uns am liebsten direkt telefonisch oder per Mail, dann ist die Buchung f\u00fcr Sie am kosteng\u00fcnstigsten und wir k\u00f6nnen evtl. aufkommende Fragen vorab kl\u00e4ren. Vielen Dank!<\/p>\n\n\n<p><\/p>\n","protected":false},"excerpt":{"rendered":"<p>Diese 72 qm &#8211; Wohnung ist nach der Leidenschaft des Opa\u00b4s benannt. Sie ist mit 2 Schlafzimmern, einer gro\u00dfen Wohnk\u00fcche und einem Bad ausgestattet. Im zweiten Stock hoch \u00fcber dem Alltag gelegen kann man hier selbst bei weniger gutem Wetter Platz und Entspannung finden. Preise Belegungsplan Sie m\u00f6chten bei uns buchen? Dann pr\u00fcfen Sie bitte &hellip; <\/p>\n<p class=\"link-more\"><a href=\"http:\/\/www.ferienhof-hanssler.de\/?page_id=19\" class=\"more-link\"><span class=\"screen-reader-text\">\u201eJ\u00e4gerstube\u201c<\/span> weiterlesen<\/a><\/p>\n","protected":false},"author":1,"featured_media":163,"parent":0,"menu_order":0,"comment_status":"closed","ping_status":"closed","template":"","meta":{"ngg_post_thumbnail":0,"footnotes":""},"class_list":["post-19","page","type-page","status-publish","has-post-thumbnail","hentry"],"_links":{"self":[{"href":"http:\/\/www.ferienhof-hanssler.de\/index.php?rest_route=\/wp\/v2\/pages\/19","targetHints":{"allow":["GET"]}}],"collection":[{"href":"http:\/\/www.ferienhof-hanssler.de\/index.php?rest_route=\/wp\/v2\/pages"}],"about":[{"href":"http:\/\/www.ferienhof-hanssler.de\/index.php?rest_route=\/wp\/v2\/types\/page"}],"author":[{"embeddable":true,"href":"http:\/\/www.ferienhof-hanssler.de\/index.php?rest_route=\/wp\/v2\/users\/1"}],"replies":[{"embeddable":true,"href":"http:\/\/www.ferienhof-hanssler.de\/index.php?rest_route=%2Fwp%2Fv2%2Fcomments&post=19"}],"version-history":[{"count":23,"href":"http:\/\/www.ferienhof-hanssler.de\/index.php?rest_route=\/wp\/v2\/pages\/19\/revisions"}],"predecessor-version":[{"id":1270,"href":"http:\/\/www.ferienhof-hanssler.de\/index.php?rest_route=\/wp\/v2\/pages\/19\/revisions\/1270"}],"wp:featuredmedia":[{"embeddable":true,"href":"http:\/\/www.ferienhof-hanssler.de\/index.php?rest_route=\/wp\/v2\/media\/163"}],"wp:attachment":[{"href":"http:\/\/www.ferienhof-hanssler.de\/index.php?rest_route=%2Fwp%2Fv2%2Fmedia&parent=19"}],"curies":[{"name":"wp","href":"https:\/\/api.w.org\/{rel}","templated":true}]}}