{"id":22,"date":"2010-12-28T09:52:47","date_gmt":"2010-12-28T09:52:47","guid":{"rendered":"http:\/\/ferienhof-hanssler.de\/?page_id=22"},"modified":"2025-06-10T18:36:45","modified_gmt":"2025-06-10T18:36:45","slug":"riedblick","status":"publish","type":"page","link":"http:\/\/www.ferienhof-hanssler.de\/?page_id=22","title":{"rendered":"Riedblick"},"content":{"rendered":"<p><span style=\"font-family: Georgia;\">Die Wohnung &#8222;Riedblick&#8220; mit 60 qm macht ihrem Namen alle Ehre, hat man doch von ihr aus einen weit schweifenden Blick ins Pfrunger Ried. Das Schlafzimmer mit Wohnk\u00fcche und Bad bietet ausreichend Platz f\u00fcr 2 bis 4 Personen. Ebenfalls im zweiten Stock ist unter einem nur die Scheune und \u00fcber einem nur der Himmel. Was braucht man mehr?<\/span><\/p>\n<p><span style=\"font-family: Georgia;\">ngg_shortcode_0_placeholder<\/span><\/p>\n<p><span style=\"font-family: Georgia;\"><strong><a href=\"http:\/\/www.ferienhof-hanssler.de\/?page_id=141\">Preise<\/a> <\/strong><\/span><\/p>\n<p><span style=\"font-family: Georgia;\"><strong><a href=\"http:\/\/thomas-hanssler.vacation-bookings.com\">Belegungsplan <\/a><\/strong><\/span><\/p>\n<p>Sie m\u00f6chten bei uns buchen? Dann pr\u00fcfen Sie bitte die Verf\u00fcgbarkeit in o.g. Link und kontaktieren uns am liebsten direkt telefonisch oder per Mail, dann ist die Buchung f\u00fcr Sie am kosteng\u00fcnstigsten und wir k\u00f6nnen evtl. aufkommende Fragen vorab kl\u00e4ren. Vielen Dank!<\/p>\n<p>&nbsp;<\/p>\n\n\n<p><\/p>\n","protected":false},"excerpt":{"rendered":"<p>Die Wohnung &#8222;Riedblick&#8220; mit 60 qm macht ihrem Namen alle Ehre, hat man doch von ihr aus einen weit schweifenden Blick ins Pfrunger Ried. Das Schlafzimmer mit Wohnk\u00fcche und Bad bietet ausreichend Platz f\u00fcr 2 bis 4 Personen. Ebenfalls im zweiten Stock ist unter einem nur die Scheune und \u00fcber einem nur der Himmel. Was &hellip; <\/p>\n<p class=\"link-more\"><a href=\"http:\/\/www.ferienhof-hanssler.de\/?page_id=22\" class=\"more-link\"><span class=\"screen-reader-text\">\u201eRiedblick\u201c<\/span> weiterlesen<\/a><\/p>\n","protected":false},"author":1,"featured_media":95,"parent":0,"menu_order":0,"comment_status":"closed","ping_status":"open","template":"","meta":{"ngg_post_thumbnail":0,"footnotes":""},"class_list":["post-22","page","type-page","status-publish","has-post-thumbnail","hentry"],"_links":{"self":[{"href":"http:\/\/www.ferienhof-hanssler.de\/index.php?rest_route=\/wp\/v2\/pages\/22","targetHints":{"allow":["GET"]}}],"collection":[{"href":"http:\/\/www.ferienhof-hanssler.de\/index.php?rest_route=\/wp\/v2\/pages"}],"about":[{"href":"http:\/\/www.ferienhof-hanssler.de\/index.php?rest_route=\/wp\/v2\/types\/page"}],"author":[{"embeddable":true,"href":"http:\/\/www.ferienhof-hanssler.de\/index.php?rest_route=\/wp\/v2\/users\/1"}],"replies":[{"embeddable":true,"href":"http:\/\/www.ferienhof-hanssler.de\/index.php?rest_route=%2Fwp%2Fv2%2Fcomments&post=22"}],"version-history":[{"count":19,"href":"http:\/\/www.ferienhof-hanssler.de\/index.php?rest_route=\/wp\/v2\/pages\/22\/revisions"}],"predecessor-version":[{"id":1268,"href":"http:\/\/www.ferienhof-hanssler.de\/index.php?rest_route=\/wp\/v2\/pages\/22\/revisions\/1268"}],"wp:featuredmedia":[{"embeddable":true,"href":"http:\/\/www.ferienhof-hanssler.de\/index.php?rest_route=\/wp\/v2\/media\/95"}],"wp:attachment":[{"href":"http:\/\/www.ferienhof-hanssler.de\/index.php?rest_route=%2Fwp%2Fv2%2Fmedia&parent=22"}],"curies":[{"name":"wp","href":"https:\/\/api.w.org\/{rel}","templated":true}]}}