{"id":227,"date":"2011-01-19T09:46:01","date_gmt":"2011-01-19T09:46:01","guid":{"rendered":"http:\/\/www.ferienhof-hanssler.de\/?page_id=227"},"modified":"2025-07-20T13:43:49","modified_gmt":"2025-07-20T13:43:49","slug":"impressum","status":"publish","type":"page","link":"http:\/\/www.ferienhof-hanssler.de\/?page_id=227","title":{"rendered":"Impressum"},"content":{"rendered":"<p>F\u00fcr den Inhalt dieser Seite ist verantwortlich:<\/p>\n<address>Familie Hanssler<br \/>\nTafern 32<br \/>\n88271 Wilhelmsdorf<br \/>\ninfo@ferienhof-hanssler.de<\/address>\n<address>Trotz sorgf\u00e4ltiger Kontrolle \u00fcbernehmen wir keinerlei Haftung f\u00fcr die Inhalte der verlinkten Seiten. F\u00fcr deren Inhalte sind ausschlie\u00dflich deren Betreiber verantwortlich.<\/address>\n<p>Alle auf der Seite www.ferienhof-hanssler.de ver\u00f6ffentlichten Bilder unterliegen dem Urheberrecht. Die abgebildeten Personen haben sich mit der Ver\u00f6ffentlichung auf www.ferienhof-hanssler.de einverstanden erkl\u00e4rt. Eine Nutzung au\u00dferhalb der genannten Seite ist untersagt.<\/p>\n","protected":false},"excerpt":{"rendered":"<p>F\u00fcr den Inhalt dieser Seite ist verantwortlich: Familie Hanssler Tafern 32 88271 Wilhelmsdorf info@ferienhof-hanssler.de Trotz sorgf\u00e4ltiger Kontrolle \u00fcbernehmen wir keinerlei Haftung f\u00fcr die Inhalte der verlinkten Seiten. F\u00fcr deren Inhalte sind ausschlie\u00dflich deren Betreiber verantwortlich. Alle auf der Seite www.ferienhof-hanssler.de ver\u00f6ffentlichten Bilder unterliegen dem Urheberrecht. Die abgebildeten Personen haben sich mit der Ver\u00f6ffentlichung auf www.ferienhof-hanssler.de &hellip; <\/p>\n<p class=\"link-more\"><a href=\"http:\/\/www.ferienhof-hanssler.de\/?page_id=227\" class=\"more-link\"><span class=\"screen-reader-text\">\u201eImpressum\u201c<\/span> weiterlesen<\/a><\/p>\n","protected":false},"author":1,"featured_media":172,"parent":0,"menu_order":0,"comment_status":"closed","ping_status":"closed","template":"","meta":{"ngg_post_thumbnail":0,"footnotes":""},"class_list":["post-227","page","type-page","status-publish","has-post-thumbnail","hentry"],"_links":{"self":[{"href":"http:\/\/www.ferienhof-hanssler.de\/index.php?rest_route=\/wp\/v2\/pages\/227","targetHints":{"allow":["GET"]}}],"collection":[{"href":"http:\/\/www.ferienhof-hanssler.de\/index.php?rest_route=\/wp\/v2\/pages"}],"about":[{"href":"http:\/\/www.ferienhof-hanssler.de\/index.php?rest_route=\/wp\/v2\/types\/page"}],"author":[{"embeddable":true,"href":"http:\/\/www.ferienhof-hanssler.de\/index.php?rest_route=\/wp\/v2\/users\/1"}],"replies":[{"embeddable":true,"href":"http:\/\/www.ferienhof-hanssler.de\/index.php?rest_route=%2Fwp%2Fv2%2Fcomments&post=227"}],"version-history":[{"count":13,"href":"http:\/\/www.ferienhof-hanssler.de\/index.php?rest_route=\/wp\/v2\/pages\/227\/revisions"}],"predecessor-version":[{"id":1276,"href":"http:\/\/www.ferienhof-hanssler.de\/index.php?rest_route=\/wp\/v2\/pages\/227\/revisions\/1276"}],"wp:featuredmedia":[{"embeddable":true,"href":"http:\/\/www.ferienhof-hanssler.de\/index.php?rest_route=\/wp\/v2\/media\/172"}],"wp:attachment":[{"href":"http:\/\/www.ferienhof-hanssler.de\/index.php?rest_route=%2Fwp%2Fv2%2Fmedia&parent=227"}],"curies":[{"name":"wp","href":"https:\/\/api.w.org\/{rel}","templated":true}]}}